{"id":158,"date":"2021-09-27T10:01:54","date_gmt":"2021-09-27T10:01:54","guid":{"rendered":"http:\/\/winlab.ch\/?post_type=product&#038;p=158"},"modified":"2026-01-30T13:03:23","modified_gmt":"2026-01-30T12:03:23","slug":"pro-90","status":"publish","type":"product","link":"https:\/\/winlab.ch\/en\/produit\/pro-90\/","title":{"rendered":"Pro 90"},"content":{"rendered":"<p>Fleuron de la collection Winlab et chouchou des sportifs, Pro 90 peut se targuer d\u2019\u00eatre ultra concentr\u00e9 en prot\u00e9ine \u2014 de haute qualit\u00e9 de surcro\u00eet. Nous pr\u00e9conisons vivement de le mettre dans tous ses \u00e9tats en le diluant ou le mixant. Vous nous direz \u00e0 juste titre qu\u2019un shake fait aussi bien l\u2019affaire pour lui montrer qui est le boss \u2014 votre cr\u00e9ativit\u00e9 nous convient. Ce qui nous importe c\u2019est que vous absorbiez les sels min\u00e9raux, les vitamines et les acides amin\u00e9s. Et que vous ressentiez les effets Pro 90 apr\u00e8s l\u2019effort.<\/p>\n","protected":false},"excerpt":{"rendered":"<p>Fleuron de la collection Winlab et chouchou des sportifs, Pro 90 peut se targuer d\u2019\u00eatre ultra concentr\u00e9 en prot\u00e9ine \u2014 de haute qualit\u00e9 de surcro\u00eet.<\/p>\n","protected":false},"featured_media":627,"template":"","meta":{"_acf_changed":false,"inline_featured_image":false},"product_brand":[],"product_cat":[21],"product_tag":[],"class_list":{"0":"post-158","1":"product","2":"type-product","3":"status-publish","4":"has-post-thumbnail","6":"product_cat-proteines","8":"first","9":"instock","10":"taxable","11":"shipping-taxable","12":"purchasable","13":"product-type-variable","14":"has-default-attributes"},"acf":[],"yoast_head":"<!-- This site is optimized with the Yoast SEO plugin v27.2 - https:\/\/yoast.com\/product\/yoast-seo-wordpress\/ -->\n<title>Pro 90 - Winlab<\/title>\n<meta name=\"robots\" content=\"index, follow, max-snippet:-1, max-image-preview:large, max-video-preview:-1\" \/>\n<link rel=\"canonical\" href=\"https:\/\/winlab.ch\/en\/produit\/pro-90\/\" \/>\n<meta property=\"og:locale\" content=\"en_US\" \/>\n<meta property=\"og:type\" content=\"article\" \/>\n<meta property=\"og:title\" content=\"Pro 90 - Winlab\" \/>\n<meta property=\"og:description\" content=\"Fleuron de la collection Winlab et chouchou des sportifs, Pro 90 peut se targuer d\u2019\u00eatre ultra concentr\u00e9 en prot\u00e9ine \u2014 de haute qualit\u00e9 de surcro\u00eet.\" \/>\n<meta property=\"og:url\" content=\"https:\/\/winlab.ch\/en\/produit\/pro-90\/\" \/>\n<meta property=\"og:site_name\" content=\"Winlab\" \/>\n<meta property=\"article:publisher\" content=\"https:\/\/www.facebook.com\/winlab.swiss\" \/>\n<meta property=\"article:modified_time\" content=\"2026-01-30T12:03:23+00:00\" \/>\n<meta property=\"og:image\" content=\"https:\/\/winlab.ch\/wp-content\/uploads\/2021\/09\/winlab_pro-90_500_vanille.webp\" \/>\n\t<meta property=\"og:image:width\" content=\"1200\" \/>\n\t<meta property=\"og:image:height\" content=\"1200\" \/>\n\t<meta property=\"og:image:type\" content=\"image\/webp\" \/>\n<meta name=\"twitter:card\" content=\"summary_large_image\" \/>\n<meta name=\"twitter:label1\" content=\"Est. reading time\" \/>\n\t<meta name=\"twitter:data1\" content=\"1 minute\" \/>\n<script type=\"application\/ld+json\" class=\"yoast-schema-graph\">{\"@context\":\"https:\/\/schema.org\",\"@graph\":[{\"@type\":\"WebPage\",\"@id\":\"https:\/\/winlab.ch\/en\/produit\/pro-90\/\",\"url\":\"https:\/\/winlab.ch\/en\/produit\/pro-90\/\",\"name\":\"Pro 90 - Winlab\",\"isPartOf\":{\"@id\":\"http:\/\/winlab.ch\/en\/#website\"},\"primaryImageOfPage\":{\"@id\":\"https:\/\/winlab.ch\/en\/produit\/pro-90\/#primaryimage\"},\"image\":{\"@id\":\"https:\/\/winlab.ch\/en\/produit\/pro-90\/#primaryimage\"},\"thumbnailUrl\":\"https:\/\/winlab.ch\/wp-content\/uploads\/2021\/09\/winlab_pro-90_500_vanille.webp\",\"datePublished\":\"2021-09-27T10:01:54+00:00\",\"dateModified\":\"2026-01-30T12:03:23+00:00\",\"breadcrumb\":{\"@id\":\"https:\/\/winlab.ch\/en\/produit\/pro-90\/#breadcrumb\"},\"inLanguage\":\"en-US\",\"potentialAction\":[{\"@type\":\"ReadAction\",\"target\":[\"https:\/\/winlab.ch\/en\/produit\/pro-90\/\"]}]},{\"@type\":\"ImageObject\",\"inLanguage\":\"en-US\",\"@id\":\"https:\/\/winlab.ch\/en\/produit\/pro-90\/#primaryimage\",\"url\":\"https:\/\/winlab.ch\/wp-content\/uploads\/2021\/09\/winlab_pro-90_500_vanille.webp\",\"contentUrl\":\"https:\/\/winlab.ch\/wp-content\/uploads\/2021\/09\/winlab_pro-90_500_vanille.webp\",\"width\":1200,\"height\":1200,\"caption\":\"Pro 90 - Vanille 500g\"},{\"@type\":\"BreadcrumbList\",\"@id\":\"https:\/\/winlab.ch\/en\/produit\/pro-90\/#breadcrumb\",\"itemListElement\":[{\"@type\":\"ListItem\",\"position\":1,\"name\":\"Accueil\",\"item\":\"https:\/\/winlab.ch\/en\/about-us\/?lang=en\"},{\"@type\":\"ListItem\",\"position\":2,\"name\":\"Shop\",\"item\":\"https:\/\/winlab.ch\/shop\/?lang=en\"},{\"@type\":\"ListItem\",\"position\":3,\"name\":\"Pro 90\"}]},{\"@type\":\"WebSite\",\"@id\":\"http:\/\/winlab.ch\/en\/#website\",\"url\":\"http:\/\/winlab.ch\/en\/\",\"name\":\"Winlab\",\"description\":\"\",\"publisher\":{\"@id\":\"http:\/\/winlab.ch\/en\/#organization\"},\"potentialAction\":[{\"@type\":\"SearchAction\",\"target\":{\"@type\":\"EntryPoint\",\"urlTemplate\":\"http:\/\/winlab.ch\/en\/?s={search_term_string}\"},\"query-input\":{\"@type\":\"PropertyValueSpecification\",\"valueRequired\":true,\"valueName\":\"search_term_string\"}}],\"inLanguage\":\"en-US\"},{\"@type\":\"Organization\",\"@id\":\"http:\/\/winlab.ch\/en\/#organization\",\"name\":\"Winlab\",\"url\":\"http:\/\/winlab.ch\/en\/\",\"logo\":{\"@type\":\"ImageObject\",\"inLanguage\":\"en-US\",\"@id\":\"http:\/\/winlab.ch\/en\/#\/schema\/logo\/image\/\",\"url\":\"https:\/\/winlab.ch\/wp-content\/uploads\/2022\/11\/winlab-icon.svg\",\"contentUrl\":\"https:\/\/winlab.ch\/wp-content\/uploads\/2022\/11\/winlab-icon.svg\",\"width\":512,\"height\":512,\"caption\":\"Winlab\"},\"image\":{\"@id\":\"http:\/\/winlab.ch\/en\/#\/schema\/logo\/image\/\"},\"sameAs\":[\"https:\/\/www.facebook.com\/winlab.swiss\",\"https:\/\/www.youtube.com\/@winlabswiss5437\",\"https:\/\/www.instagram.com\/winlab.swiss\/\"]}]}<\/script>\n<!-- \/ Yoast SEO plugin. -->","yoast_head_json":{"title":"Pro 90 - Winlab","robots":{"index":"index","follow":"follow","max-snippet":"max-snippet:-1","max-image-preview":"max-image-preview:large","max-video-preview":"max-video-preview:-1"},"canonical":"https:\/\/winlab.ch\/en\/produit\/pro-90\/","og_locale":"en_US","og_type":"article","og_title":"Pro 90 - Winlab","og_description":"Fleuron de la collection Winlab et chouchou des sportifs, Pro 90 peut se targuer d\u2019\u00eatre ultra concentr\u00e9 en prot\u00e9ine \u2014 de haute qualit\u00e9 de surcro\u00eet.","og_url":"https:\/\/winlab.ch\/en\/produit\/pro-90\/","og_site_name":"Winlab","article_publisher":"https:\/\/www.facebook.com\/winlab.swiss","article_modified_time":"2026-01-30T12:03:23+00:00","og_image":[{"width":1200,"height":1200,"url":"https:\/\/winlab.ch\/wp-content\/uploads\/2021\/09\/winlab_pro-90_500_vanille.webp","type":"image\/webp"}],"twitter_card":"summary_large_image","twitter_misc":{"Est. reading time":"1 minute"},"schema":{"@context":"https:\/\/schema.org","@graph":[{"@type":"WebPage","@id":"https:\/\/winlab.ch\/en\/produit\/pro-90\/","url":"https:\/\/winlab.ch\/en\/produit\/pro-90\/","name":"Pro 90 - Winlab","isPartOf":{"@id":"http:\/\/winlab.ch\/en\/#website"},"primaryImageOfPage":{"@id":"https:\/\/winlab.ch\/en\/produit\/pro-90\/#primaryimage"},"image":{"@id":"https:\/\/winlab.ch\/en\/produit\/pro-90\/#primaryimage"},"thumbnailUrl":"https:\/\/winlab.ch\/wp-content\/uploads\/2021\/09\/winlab_pro-90_500_vanille.webp","datePublished":"2021-09-27T10:01:54+00:00","dateModified":"2026-01-30T12:03:23+00:00","breadcrumb":{"@id":"https:\/\/winlab.ch\/en\/produit\/pro-90\/#breadcrumb"},"inLanguage":"en-US","potentialAction":[{"@type":"ReadAction","target":["https:\/\/winlab.ch\/en\/produit\/pro-90\/"]}]},{"@type":"ImageObject","inLanguage":"en-US","@id":"https:\/\/winlab.ch\/en\/produit\/pro-90\/#primaryimage","url":"https:\/\/winlab.ch\/wp-content\/uploads\/2021\/09\/winlab_pro-90_500_vanille.webp","contentUrl":"https:\/\/winlab.ch\/wp-content\/uploads\/2021\/09\/winlab_pro-90_500_vanille.webp","width":1200,"height":1200,"caption":"Pro 90 - Vanille 500g"},{"@type":"BreadcrumbList","@id":"https:\/\/winlab.ch\/en\/produit\/pro-90\/#breadcrumb","itemListElement":[{"@type":"ListItem","position":1,"name":"Accueil","item":"https:\/\/winlab.ch\/en\/about-us\/?lang=en"},{"@type":"ListItem","position":2,"name":"Shop","item":"https:\/\/winlab.ch\/shop\/?lang=en"},{"@type":"ListItem","position":3,"name":"Pro 90"}]},{"@type":"WebSite","@id":"http:\/\/winlab.ch\/en\/#website","url":"http:\/\/winlab.ch\/en\/","name":"Winlab","description":"","publisher":{"@id":"http:\/\/winlab.ch\/en\/#organization"},"potentialAction":[{"@type":"SearchAction","target":{"@type":"EntryPoint","urlTemplate":"http:\/\/winlab.ch\/en\/?s={search_term_string}"},"query-input":{"@type":"PropertyValueSpecification","valueRequired":true,"valueName":"search_term_string"}}],"inLanguage":"en-US"},{"@type":"Organization","@id":"http:\/\/winlab.ch\/en\/#organization","name":"Winlab","url":"http:\/\/winlab.ch\/en\/","logo":{"@type":"ImageObject","inLanguage":"en-US","@id":"http:\/\/winlab.ch\/en\/#\/schema\/logo\/image\/","url":"https:\/\/winlab.ch\/wp-content\/uploads\/2022\/11\/winlab-icon.svg","contentUrl":"https:\/\/winlab.ch\/wp-content\/uploads\/2022\/11\/winlab-icon.svg","width":512,"height":512,"caption":"Winlab"},"image":{"@id":"http:\/\/winlab.ch\/en\/#\/schema\/logo\/image\/"},"sameAs":["https:\/\/www.facebook.com\/winlab.swiss","https:\/\/www.youtube.com\/@winlabswiss5437","https:\/\/www.instagram.com\/winlab.swiss\/"]}]}},"jetpack_sharing_enabled":true,"_links":{"self":[{"href":"https:\/\/winlab.ch\/en\/wp-json\/wp\/v2\/product\/158","targetHints":{"allow":["GET"]}}],"collection":[{"href":"https:\/\/winlab.ch\/en\/wp-json\/wp\/v2\/product"}],"about":[{"href":"https:\/\/winlab.ch\/en\/wp-json\/wp\/v2\/types\/product"}],"wp:featuredmedia":[{"embeddable":true,"href":"https:\/\/winlab.ch\/en\/wp-json\/wp\/v2\/media\/627"}],"wp:attachment":[{"href":"https:\/\/winlab.ch\/en\/wp-json\/wp\/v2\/media?parent=158"}],"wp:term":[{"taxonomy":"product_brand","embeddable":true,"href":"https:\/\/winlab.ch\/en\/wp-json\/wp\/v2\/product_brand?post=158"},{"taxonomy":"product_cat","embeddable":true,"href":"https:\/\/winlab.ch\/en\/wp-json\/wp\/v2\/product_cat?post=158"},{"taxonomy":"product_tag","embeddable":true,"href":"https:\/\/winlab.ch\/en\/wp-json\/wp\/v2\/product_tag?post=158"}],"curies":[{"name":"wp","href":"https:\/\/api.w.org\/{rel}","templated":true}]}}