{"id":1005,"date":"2023-01-18T12:02:26","date_gmt":"2023-01-18T11:02:26","guid":{"rendered":"http:\/\/winlab.ch\/?post_type=product&#038;p=1005"},"modified":"2024-12-10T16:45:46","modified_gmt":"2024-12-10T15:45:46","slug":"winlab-magnesium","status":"publish","type":"product","link":"https:\/\/winlab.ch\/en\/produit\/winlab-magnesium\/","title":{"rendered":"Winlab Magnesium Sport"},"content":{"rendered":"<p>Le magn\u00e9sium est indispensable au m\u00e9tabolisme de l&#8217;organisme. Il intervient dans la transmission nerveuse, la contraction musculaire et dans la r\u00e9gulation de celle-ci. Intervient aussi dans la synth\u00e8se protidique et nucl\u00e9ique et dans la synth\u00e8se et r\u00e9gulation de diverses hormones.<\/p>\n","protected":false},"excerpt":{"rendered":"<p>Le magn\u00e9sium est indispensable au m\u00e9tabolisme de l&#8217;organisme.Il intervient dans la transmission nerveuse, la contraction musculaire et dans la r\u00e9gulation de celle-ci. Intervient aussi dans la synth\u00e8se protidique et nucl\u00e9ique et dans la synth\u00e8se et r\u00e9gulation de diverses hormones.<\/p>\n","protected":false},"featured_media":2354,"template":"","meta":{"_acf_changed":false,"inline_featured_image":false},"product_brand":[],"product_cat":[24],"product_tag":[],"class_list":{"0":"post-1005","1":"product","2":"type-product","3":"status-publish","4":"has-post-thumbnail","6":"product_cat-performance-et-bien-etre","8":"first","9":"instock","10":"taxable","11":"shipping-taxable","12":"purchasable","13":"product-type-simple"},"acf":[],"yoast_head":"<!-- This site is optimized with the Yoast SEO plugin v27.2 - https:\/\/yoast.com\/product\/yoast-seo-wordpress\/ -->\n<title>Winlab Magnesium Sport - Winlab<\/title>\n<meta name=\"robots\" content=\"index, follow, max-snippet:-1, max-image-preview:large, max-video-preview:-1\" \/>\n<link rel=\"canonical\" href=\"https:\/\/winlab.ch\/en\/produit\/winlab-magnesium\/\" \/>\n<meta property=\"og:locale\" content=\"en_US\" \/>\n<meta property=\"og:type\" content=\"article\" \/>\n<meta property=\"og:title\" content=\"Winlab Magnesium Sport - Winlab\" \/>\n<meta property=\"og:description\" content=\"Le magn\u00e9sium est indispensable au m\u00e9tabolisme de l&#039;organisme.Il intervient dans la transmission nerveuse, la contraction musculaire et dans la r\u00e9gulation de celle-ci. Intervient aussi dans la synth\u00e8se protidique et nucl\u00e9ique et dans la synth\u00e8se et r\u00e9gulation de diverses hormones.\" \/>\n<meta property=\"og:url\" content=\"https:\/\/winlab.ch\/en\/produit\/winlab-magnesium\/\" \/>\n<meta property=\"og:site_name\" content=\"Winlab\" \/>\n<meta property=\"article:publisher\" content=\"https:\/\/www.facebook.com\/winlab.swiss\" \/>\n<meta property=\"article:modified_time\" content=\"2024-12-10T15:45:46+00:00\" \/>\n<meta property=\"og:image\" content=\"https:\/\/winlab.ch\/wp-content\/uploads\/2023\/01\/Winlab_Mg_Sport.webp\" \/>\n\t<meta property=\"og:image:width\" content=\"1200\" \/>\n\t<meta property=\"og:image:height\" content=\"1200\" \/>\n\t<meta property=\"og:image:type\" content=\"image\/webp\" \/>\n<meta name=\"twitter:card\" content=\"summary_large_image\" \/>\n<meta name=\"twitter:label1\" content=\"Est. reading time\" \/>\n\t<meta name=\"twitter:data1\" content=\"1 minute\" \/>\n<script type=\"application\/ld+json\" class=\"yoast-schema-graph\">{\"@context\":\"https:\/\/schema.org\",\"@graph\":[{\"@type\":\"WebPage\",\"@id\":\"https:\/\/winlab.ch\/en\/produit\/winlab-magnesium\/\",\"url\":\"https:\/\/winlab.ch\/en\/produit\/winlab-magnesium\/\",\"name\":\"Winlab Magnesium Sport - Winlab\",\"isPartOf\":{\"@id\":\"http:\/\/winlab.ch\/en\/#website\"},\"primaryImageOfPage\":{\"@id\":\"https:\/\/winlab.ch\/en\/produit\/winlab-magnesium\/#primaryimage\"},\"image\":{\"@id\":\"https:\/\/winlab.ch\/en\/produit\/winlab-magnesium\/#primaryimage\"},\"thumbnailUrl\":\"https:\/\/winlab.ch\/wp-content\/uploads\/2023\/01\/Winlab_Mg_Sport.webp\",\"datePublished\":\"2023-01-18T11:02:26+00:00\",\"dateModified\":\"2024-12-10T15:45:46+00:00\",\"breadcrumb\":{\"@id\":\"https:\/\/winlab.ch\/en\/produit\/winlab-magnesium\/#breadcrumb\"},\"inLanguage\":\"en-US\",\"potentialAction\":[{\"@type\":\"ReadAction\",\"target\":[\"https:\/\/winlab.ch\/en\/produit\/winlab-magnesium\/\"]}]},{\"@type\":\"ImageObject\",\"inLanguage\":\"en-US\",\"@id\":\"https:\/\/winlab.ch\/en\/produit\/winlab-magnesium\/#primaryimage\",\"url\":\"https:\/\/winlab.ch\/wp-content\/uploads\/2023\/01\/Winlab_Mg_Sport.webp\",\"contentUrl\":\"https:\/\/winlab.ch\/wp-content\/uploads\/2023\/01\/Winlab_Mg_Sport.webp\",\"width\":1200,\"height\":1200,\"caption\":\"Winlab Magnesium Sport\"},{\"@type\":\"BreadcrumbList\",\"@id\":\"https:\/\/winlab.ch\/en\/produit\/winlab-magnesium\/#breadcrumb\",\"itemListElement\":[{\"@type\":\"ListItem\",\"position\":1,\"name\":\"Accueil\",\"item\":\"https:\/\/winlab.ch\/en\/about-us\/?lang=en\"},{\"@type\":\"ListItem\",\"position\":2,\"name\":\"Shop\",\"item\":\"https:\/\/winlab.ch\/shop\/?lang=en\"},{\"@type\":\"ListItem\",\"position\":3,\"name\":\"Winlab Magnesium Sport\"}]},{\"@type\":\"WebSite\",\"@id\":\"http:\/\/winlab.ch\/en\/#website\",\"url\":\"http:\/\/winlab.ch\/en\/\",\"name\":\"Winlab\",\"description\":\"\",\"publisher\":{\"@id\":\"http:\/\/winlab.ch\/en\/#organization\"},\"potentialAction\":[{\"@type\":\"SearchAction\",\"target\":{\"@type\":\"EntryPoint\",\"urlTemplate\":\"http:\/\/winlab.ch\/en\/?s={search_term_string}\"},\"query-input\":{\"@type\":\"PropertyValueSpecification\",\"valueRequired\":true,\"valueName\":\"search_term_string\"}}],\"inLanguage\":\"en-US\"},{\"@type\":\"Organization\",\"@id\":\"http:\/\/winlab.ch\/en\/#organization\",\"name\":\"Winlab\",\"url\":\"http:\/\/winlab.ch\/en\/\",\"logo\":{\"@type\":\"ImageObject\",\"inLanguage\":\"en-US\",\"@id\":\"http:\/\/winlab.ch\/en\/#\/schema\/logo\/image\/\",\"url\":\"https:\/\/winlab.ch\/wp-content\/uploads\/2022\/11\/winlab-icon.svg\",\"contentUrl\":\"https:\/\/winlab.ch\/wp-content\/uploads\/2022\/11\/winlab-icon.svg\",\"width\":512,\"height\":512,\"caption\":\"Winlab\"},\"image\":{\"@id\":\"http:\/\/winlab.ch\/en\/#\/schema\/logo\/image\/\"},\"sameAs\":[\"https:\/\/www.facebook.com\/winlab.swiss\",\"https:\/\/www.youtube.com\/@winlabswiss5437\",\"https:\/\/www.instagram.com\/winlab.swiss\/\"]}]}<\/script>\n<!-- \/ Yoast SEO plugin. -->","yoast_head_json":{"title":"Winlab Magnesium Sport - Winlab","robots":{"index":"index","follow":"follow","max-snippet":"max-snippet:-1","max-image-preview":"max-image-preview:large","max-video-preview":"max-video-preview:-1"},"canonical":"https:\/\/winlab.ch\/en\/produit\/winlab-magnesium\/","og_locale":"en_US","og_type":"article","og_title":"Winlab Magnesium Sport - Winlab","og_description":"Le magn\u00e9sium est indispensable au m\u00e9tabolisme de l'organisme.Il intervient dans la transmission nerveuse, la contraction musculaire et dans la r\u00e9gulation de celle-ci. Intervient aussi dans la synth\u00e8se protidique et nucl\u00e9ique et dans la synth\u00e8se et r\u00e9gulation de diverses hormones.","og_url":"https:\/\/winlab.ch\/en\/produit\/winlab-magnesium\/","og_site_name":"Winlab","article_publisher":"https:\/\/www.facebook.com\/winlab.swiss","article_modified_time":"2024-12-10T15:45:46+00:00","og_image":[{"width":1200,"height":1200,"url":"https:\/\/winlab.ch\/wp-content\/uploads\/2023\/01\/Winlab_Mg_Sport.webp","type":"image\/webp"}],"twitter_card":"summary_large_image","twitter_misc":{"Est. reading time":"1 minute"},"schema":{"@context":"https:\/\/schema.org","@graph":[{"@type":"WebPage","@id":"https:\/\/winlab.ch\/en\/produit\/winlab-magnesium\/","url":"https:\/\/winlab.ch\/en\/produit\/winlab-magnesium\/","name":"Winlab Magnesium Sport - Winlab","isPartOf":{"@id":"http:\/\/winlab.ch\/en\/#website"},"primaryImageOfPage":{"@id":"https:\/\/winlab.ch\/en\/produit\/winlab-magnesium\/#primaryimage"},"image":{"@id":"https:\/\/winlab.ch\/en\/produit\/winlab-magnesium\/#primaryimage"},"thumbnailUrl":"https:\/\/winlab.ch\/wp-content\/uploads\/2023\/01\/Winlab_Mg_Sport.webp","datePublished":"2023-01-18T11:02:26+00:00","dateModified":"2024-12-10T15:45:46+00:00","breadcrumb":{"@id":"https:\/\/winlab.ch\/en\/produit\/winlab-magnesium\/#breadcrumb"},"inLanguage":"en-US","potentialAction":[{"@type":"ReadAction","target":["https:\/\/winlab.ch\/en\/produit\/winlab-magnesium\/"]}]},{"@type":"ImageObject","inLanguage":"en-US","@id":"https:\/\/winlab.ch\/en\/produit\/winlab-magnesium\/#primaryimage","url":"https:\/\/winlab.ch\/wp-content\/uploads\/2023\/01\/Winlab_Mg_Sport.webp","contentUrl":"https:\/\/winlab.ch\/wp-content\/uploads\/2023\/01\/Winlab_Mg_Sport.webp","width":1200,"height":1200,"caption":"Winlab Magnesium Sport"},{"@type":"BreadcrumbList","@id":"https:\/\/winlab.ch\/en\/produit\/winlab-magnesium\/#breadcrumb","itemListElement":[{"@type":"ListItem","position":1,"name":"Accueil","item":"https:\/\/winlab.ch\/en\/about-us\/?lang=en"},{"@type":"ListItem","position":2,"name":"Shop","item":"https:\/\/winlab.ch\/shop\/?lang=en"},{"@type":"ListItem","position":3,"name":"Winlab Magnesium Sport"}]},{"@type":"WebSite","@id":"http:\/\/winlab.ch\/en\/#website","url":"http:\/\/winlab.ch\/en\/","name":"Winlab","description":"","publisher":{"@id":"http:\/\/winlab.ch\/en\/#organization"},"potentialAction":[{"@type":"SearchAction","target":{"@type":"EntryPoint","urlTemplate":"http:\/\/winlab.ch\/en\/?s={search_term_string}"},"query-input":{"@type":"PropertyValueSpecification","valueRequired":true,"valueName":"search_term_string"}}],"inLanguage":"en-US"},{"@type":"Organization","@id":"http:\/\/winlab.ch\/en\/#organization","name":"Winlab","url":"http:\/\/winlab.ch\/en\/","logo":{"@type":"ImageObject","inLanguage":"en-US","@id":"http:\/\/winlab.ch\/en\/#\/schema\/logo\/image\/","url":"https:\/\/winlab.ch\/wp-content\/uploads\/2022\/11\/winlab-icon.svg","contentUrl":"https:\/\/winlab.ch\/wp-content\/uploads\/2022\/11\/winlab-icon.svg","width":512,"height":512,"caption":"Winlab"},"image":{"@id":"http:\/\/winlab.ch\/en\/#\/schema\/logo\/image\/"},"sameAs":["https:\/\/www.facebook.com\/winlab.swiss","https:\/\/www.youtube.com\/@winlabswiss5437","https:\/\/www.instagram.com\/winlab.swiss\/"]}]}},"jetpack_sharing_enabled":true,"_links":{"self":[{"href":"https:\/\/winlab.ch\/en\/wp-json\/wp\/v2\/product\/1005","targetHints":{"allow":["GET"]}}],"collection":[{"href":"https:\/\/winlab.ch\/en\/wp-json\/wp\/v2\/product"}],"about":[{"href":"https:\/\/winlab.ch\/en\/wp-json\/wp\/v2\/types\/product"}],"wp:featuredmedia":[{"embeddable":true,"href":"https:\/\/winlab.ch\/en\/wp-json\/wp\/v2\/media\/2354"}],"wp:attachment":[{"href":"https:\/\/winlab.ch\/en\/wp-json\/wp\/v2\/media?parent=1005"}],"wp:term":[{"taxonomy":"product_brand","embeddable":true,"href":"https:\/\/winlab.ch\/en\/wp-json\/wp\/v2\/product_brand?post=1005"},{"taxonomy":"product_cat","embeddable":true,"href":"https:\/\/winlab.ch\/en\/wp-json\/wp\/v2\/product_cat?post=1005"},{"taxonomy":"product_tag","embeddable":true,"href":"https:\/\/winlab.ch\/en\/wp-json\/wp\/v2\/product_tag?post=1005"}],"curies":[{"name":"wp","href":"https:\/\/api.w.org\/{rel}","templated":true}]}}